{"id":112,"date":"2019-09-19T11:28:11","date_gmt":"2019-09-19T09:28:11","guid":{"rendered":"https:\/\/wpjelly.com\/lobster\/?page_id=112"},"modified":"2026-03-22T11:34:55","modified_gmt":"2026-03-22T10:34:55","slug":"training","status":"publish","type":"page","link":"https:\/\/dimicator-schola.com\/de_de\/training\/","title":{"rendered":"Schwert &#038; Buckler und Rapier-Training"},"content":{"rendered":"\t\t<div data-elementor-type=\"wp-page\" data-elementor-id=\"112\" class=\"elementor elementor-112\">\n\t\t\t\t\t\t<section class=\"elementor-section elementor-top-section elementor-element elementor-element-f409149 elementor-section-full_width elementor-section-height-default elementor-section-height-default\" data-id=\"f409149\" data-element_type=\"section\" data-e-type=\"section\">\n\t\t\t\t\t\t<div class=\"elementor-container elementor-column-gap-default\">\n\t\t\t\t\t<div class=\"elementor-column elementor-col-100 elementor-top-column elementor-element elementor-element-8f52aff\" data-id=\"8f52aff\" data-element_type=\"column\" data-e-type=\"column\">\n\t\t\t<div class=\"elementor-widget-wrap elementor-element-populated\">\n\t\t\t\t\t\t<div class=\"elementor-element elementor-element-503fab3 elementor-widget elementor-widget-spacer\" data-id=\"503fab3\" data-element_type=\"widget\" data-e-type=\"widget\" data-widget_type=\"spacer.default\">\n\t\t\t\t<div class=\"elementor-widget-container\">\n\t\t\t\t\t\t\t<div class=\"elementor-spacer\">\n\t\t\t<div class=\"elementor-spacer-inner\"><\/div>\n\t\t<\/div>\n\t\t\t\t\t\t<\/div>\n\t\t\t\t<\/div>\n\t\t\t\t\t<\/div>\n\t\t<\/div>\n\t\t\t\t\t<\/div>\n\t\t<\/section>\n\t\t\t\t<section class=\"elementor-section elementor-top-section elementor-element elementor-element-68573b60 elementor-section-full_width elementor-section-height-default elementor-section-height-default elementor-invisible\" data-id=\"68573b60\" data-element_type=\"section\" data-e-type=\"section\" data-settings=\"{&quot;background_background&quot;:&quot;classic&quot;,&quot;animation&quot;:&quot;slideInLeft&quot;}\">\n\t\t\t\t\t\t\t<div class=\"elementor-background-overlay\"><\/div>\n\t\t\t\t\t\t\t<div class=\"elementor-container elementor-column-gap-default\">\n\t\t\t\t\t<div class=\"elementor-column elementor-col-50 elementor-top-column elementor-element elementor-element-759a590e elementor-hidden-phone\" data-id=\"759a590e\" data-element_type=\"column\" data-e-type=\"column\">\n\t\t\t<div class=\"elementor-widget-wrap elementor-element-populated\">\n\t\t\t\t\t\t<div class=\"elementor-element elementor-element-e45a6fe elementor-widget elementor-widget-image\" data-id=\"e45a6fe\" data-element_type=\"widget\" data-e-type=\"widget\" data-widget_type=\"image.default\">\n\t\t\t\t<div class=\"elementor-widget-container\">\n\t\t\t\t\t\t\t\t\t\t\t\t<figure class=\"wp-caption\">\n\t\t\t\t\t\t\t\t\t\t\t<a href=\"https:\/\/www.openstreetmap.org\/?mlat=53.5641&#038;mlon=10.0373#map=16\/53.5641\/10.0373\" target=\"_blank\" rel=\"noopener\">\n\t\t\t\t\t\t\t<img fetchpriority=\"high\" decoding=\"async\" width=\"1024\" height=\"528\" src=\"https:\/\/dimicator-schola.com\/wp-content\/uploads\/2020\/07\/Karte_nah-1024x528.jpg\" class=\"attachment-large size-large wp-image-1170\" alt=\"Trainingshalle Eilbek Conventstra\u00dfe 12, 22089 Hamburg\" srcset=\"https:\/\/dimicator-schola.com\/wp-content\/uploads\/2020\/07\/Karte_nah-1024x528.jpg 1024w, https:\/\/dimicator-schola.com\/wp-content\/uploads\/2020\/07\/Karte_nah-300x155.jpg 300w, https:\/\/dimicator-schola.com\/wp-content\/uploads\/2020\/07\/Karte_nah-768x396.jpg 768w, https:\/\/dimicator-schola.com\/wp-content\/uploads\/2020\/07\/Karte_nah-1536x792.jpg 1536w, https:\/\/dimicator-schola.com\/wp-content\/uploads\/2020\/07\/Karte_nah.jpg 1551w\" sizes=\"(max-width: 1024px) 100vw, 1024px\" \/>\t\t\t\t\t\t\t\t<\/a>\n\t\t\t\t\t\t\t\t\t\t\t<figcaption class=\"widget-image-caption wp-caption-text\">Conventstra\u00dfe 12, 22089 Hamburg<\/figcaption>\n\t\t\t\t\t\t\t\t\t\t<\/figure>\n\t\t\t\t\t\t\t\t\t<\/div>\n\t\t\t\t<\/div>\n\t\t\t\t\t<\/div>\n\t\t<\/div>\n\t\t\t\t<div class=\"elementor-column elementor-col-50 elementor-top-column elementor-element elementor-element-38840e4a\" data-id=\"38840e4a\" data-element_type=\"column\" data-e-type=\"column\" data-settings=\"{&quot;background_background&quot;:&quot;classic&quot;}\">\n\t\t\t<div class=\"elementor-widget-wrap elementor-element-populated\">\n\t\t\t\t\t\t<div class=\"elementor-element elementor-element-ef65fbd elementor-widget elementor-widget-heading\" data-id=\"ef65fbd\" data-element_type=\"widget\" data-e-type=\"widget\" data-widget_type=\"heading.default\">\n\t\t\t\t<div class=\"elementor-widget-container\">\n\t\t\t\t\t<h1 class=\"elementor-heading-title elementor-size-default\">Training<\/h1>\t\t\t\t<\/div>\n\t\t\t\t<\/div>\n\t\t\t\t<div class=\"elementor-element elementor-element-2f258595 elementor-widget elementor-widget-text-editor\" data-id=\"2f258595\" data-element_type=\"widget\" data-e-type=\"widget\" data-widget_type=\"text-editor.default\">\n\t\t\t\t<div class=\"elementor-widget-container\">\n\t\t\t\t\t\t\t\t\t<p>Wir bieten zweimal pro Woche Einsteigertraining, in dem waffen\u00fcbergreifende Fertigkeiten vermittelt werden. Sobald die Grundlagen sitzen (nach etwa einem halben bis ganzen Jahr), kannst du ins Fortgeschrittenentraining f\u00fcr Schwert &amp; Buckler und\/oder Rapier einsteigen.<\/p><p>Wenn du das Training bei uns mal ausprobieren m\u00f6chtest, besuch einen kostenlosen Einsteigerkurs am Samstagnachmittag \u2013 die Termine stehen oben auf der Startseite. In drei Stunden lernst du genug Grundlagen in Schwert &amp; Buckler und Rapier, um dich danach im Einsteigertraining gut zurechtzufinden. Die erste Woche im Training mit der Gruppe ist dann auch noch kostenlos.<\/p><p>Melde dich bei Interesse einfach bei Cornelius per <a href=\"https:\/\/dimicator-schola.com\/home\/contact\/\">E-Mail<\/a>. Keine Zeit am Samstag aber trotzdem gro\u00dfes Interesse? Sag Bescheid, vielleicht k\u00f6nnen wir dich irgendwie anders ins Training schmuggeln.<\/p><p>Du brauchst keine Vorkenntnisse oder besondere Ausr\u00fcstung, nur Sportklamotten (Hallenschuhe optional) und am besten eine Wasserflasche. Fechtmasken und weitere Schutzausr\u00fcstung sind erst ab dem Fortgeschrittenentraining notwendig.<\/p><p>Wir trainieren im Kursraum des Therapiezentrums Eilbek (Conventstra\u00dfe 12, 22089 Hamburg, Erdgeschoss), nahe bei den Haltestellen U Wartenau und S Landwehr. Ein kleiner Parkplatz ist vorhanden (Achtung, maximal 2,5 Stunden). Es gibt Umkleidekabinen, Toiletten und Duschen.\u00a0<\/p>\t\t\t\t\t\t\t\t<\/div>\n\t\t\t\t<\/div>\n\t\t\t\t\t<\/div>\n\t\t<\/div>\n\t\t\t\t\t<\/div>\n\t\t<\/section>\n\t\t\t\t<section class=\"elementor-section elementor-top-section elementor-element elementor-element-aad1b47 elementor-section-full_width elementor-section-height-default elementor-section-height-default\" data-id=\"aad1b47\" data-element_type=\"section\" data-e-type=\"section\">\n\t\t\t\t\t\t<div class=\"elementor-container elementor-column-gap-default\">\n\t\t\t\t\t<div class=\"elementor-column elementor-col-100 elementor-top-column elementor-element elementor-element-505dfae\" data-id=\"505dfae\" data-element_type=\"column\" data-e-type=\"column\">\n\t\t\t<div class=\"elementor-widget-wrap elementor-element-populated\">\n\t\t\t\t\t\t<div class=\"elementor-element elementor-element-9a7658d elementor-widget elementor-widget-heading\" data-id=\"9a7658d\" data-element_type=\"widget\" data-e-type=\"widget\" data-widget_type=\"heading.default\">\n\t\t\t\t<div class=\"elementor-widget-container\">\n\t\t\t\t\t<h1 class=\"elementor-heading-title elementor-size-default\">Trainingszeiten<\/h1>\t\t\t\t<\/div>\n\t\t\t\t<\/div>\n\t\t\t\t<section class=\"elementor-section elementor-inner-section elementor-element elementor-element-897fa84 elementor-section-boxed elementor-section-height-default elementor-section-height-default\" data-id=\"897fa84\" data-element_type=\"section\" data-e-type=\"section\">\n\t\t\t\t\t\t<div class=\"elementor-container elementor-column-gap-default\">\n\t\t\t\t\t<div class=\"elementor-column elementor-col-100 elementor-inner-column elementor-element elementor-element-eba66da\" data-id=\"eba66da\" data-element_type=\"column\" data-e-type=\"column\" data-settings=\"{&quot;background_background&quot;:&quot;classic&quot;}\">\n\t\t\t<div class=\"elementor-widget-wrap elementor-element-populated\">\n\t\t\t\t\t\t<div class=\"elementor-element elementor-element-5abcf73 elementor-widget elementor-widget-text-editor\" data-id=\"5abcf73\" data-element_type=\"widget\" data-e-type=\"widget\" data-widget_type=\"text-editor.default\">\n\t\t\t\t<div class=\"elementor-widget-container\">\n\t\t\t\t\t\t\t\t\t<p>Ab April 2026 haben wir folgende Trainingszeiten:<\/p><p><strong>Montag<\/strong><\/p><p>20:30\u201322:00 Uhr: Rapier<\/p><p><strong>Mittwoch<\/strong><\/p><p>19:00\u201320:30 Uhr: Einsteigertraining<br \/>20:30\u201322:00 Uhr: Schwert &amp; Buckler<\/p><p><strong>Freitag<\/strong><\/p><p>19:00\u201322:00 Uhr: Schwert &amp; Buckler<\/p><p><strong>Samstag<\/strong><\/p><p>10:00\u201311:30 Uhr: Einsteigertraining<br \/>11:30\u201313:00 Uhr: Rapier<br \/>13:00\u201315:00 Uhr: Freies Training und Gelegenheit f\u00fcr Einzelunterricht (sofern nicht abgesagt)<\/p>\t\t\t\t\t\t\t\t<\/div>\n\t\t\t\t<\/div>\n\t\t\t\t\t<\/div>\n\t\t<\/div>\n\t\t\t\t\t<\/div>\n\t\t<\/section>\n\t\t\t\t<div class=\"elementor-element elementor-element-1a0dc77 elementor-widget elementor-widget-spacer\" data-id=\"1a0dc77\" data-element_type=\"widget\" data-e-type=\"widget\" data-widget_type=\"spacer.default\">\n\t\t\t\t<div class=\"elementor-widget-container\">\n\t\t\t\t\t\t\t<div class=\"elementor-spacer\">\n\t\t\t<div class=\"elementor-spacer-inner\"><\/div>\n\t\t<\/div>\n\t\t\t\t\t\t<\/div>\n\t\t\t\t<\/div>\n\t\t\t\t<section class=\"elementor-section elementor-inner-section elementor-element elementor-element-e3c814d elementor-section-full_width elementor-section-height-default elementor-section-height-default\" data-id=\"e3c814d\" data-element_type=\"section\" data-e-type=\"section\" id=\"angebote-preise\">\n\t\t\t\t\t\t<div class=\"elementor-container elementor-column-gap-default\">\n\t\t\t\t\t<div class=\"elementor-column elementor-col-50 elementor-inner-column elementor-element elementor-element-d42beb1\" data-id=\"d42beb1\" data-element_type=\"column\" data-e-type=\"column\" data-settings=\"{&quot;background_background&quot;:&quot;classic&quot;}\">\n\t\t\t<div class=\"elementor-widget-wrap elementor-element-populated\">\n\t\t\t\t\t\t<div class=\"elementor-element elementor-element-ca9965a elementor-widget elementor-widget-image\" data-id=\"ca9965a\" data-element_type=\"widget\" data-e-type=\"widget\" data-widget_type=\"image.default\">\n\t\t\t\t<div class=\"elementor-widget-container\">\n\t\t\t\t\t\t\t\t\t\t\t\t\t\t\t<img decoding=\"async\" width=\"1024\" height=\"754\" src=\"https:\/\/dimicator-schola.com\/wp-content\/uploads\/2020\/03\/Equipment-1024x754.jpg\" class=\"attachment-large size-large wp-image-683\" alt=\"Schwert &amp; Buckler und Rapier lernen in Hamburg\" srcset=\"https:\/\/dimicator-schola.com\/wp-content\/uploads\/2020\/03\/Equipment-1024x754.jpg 1024w, https:\/\/dimicator-schola.com\/wp-content\/uploads\/2020\/03\/Equipment-600x442.jpg 600w, https:\/\/dimicator-schola.com\/wp-content\/uploads\/2020\/03\/Equipment-300x221.jpg 300w, https:\/\/dimicator-schola.com\/wp-content\/uploads\/2020\/03\/Equipment-768x566.jpg 768w, https:\/\/dimicator-schola.com\/wp-content\/uploads\/2020\/03\/Equipment-1536x1132.jpg 1536w, https:\/\/dimicator-schola.com\/wp-content\/uploads\/2020\/03\/Equipment.jpg 1800w\" sizes=\"(max-width: 1024px) 100vw, 1024px\" \/>\t\t\t\t\t\t\t\t\t\t\t\t\t\t\t<\/div>\n\t\t\t\t<\/div>\n\t\t\t\t\t<\/div>\n\t\t<\/div>\n\t\t\t\t<div class=\"elementor-column elementor-col-50 elementor-inner-column elementor-element elementor-element-38fd518\" data-id=\"38fd518\" data-element_type=\"column\" data-e-type=\"column\">\n\t\t\t<div class=\"elementor-widget-wrap elementor-element-populated\">\n\t\t\t\t\t\t<div class=\"elementor-element elementor-element-8a95a54 elementor-widget elementor-widget-heading\" data-id=\"8a95a54\" data-element_type=\"widget\" data-e-type=\"widget\" data-widget_type=\"heading.default\">\n\t\t\t\t<div class=\"elementor-widget-container\">\n\t\t\t\t\t<h1 class=\"elementor-heading-title elementor-size-default\">Angebote und Preise<\/h1>\t\t\t\t<\/div>\n\t\t\t\t<\/div>\n\t\t\t\t<div class=\"elementor-element elementor-element-23bb1c1 elementor-widget elementor-widget-text-editor\" data-id=\"23bb1c1\" data-element_type=\"widget\" data-e-type=\"widget\" data-widget_type=\"text-editor.default\">\n\t\t\t\t<div class=\"elementor-widget-container\">\n\t\t\t\t\t\t\t\t\t<ul><li>Zwei-Einheiten-Mitgliedschaft: 35 \u20ac pro Monat (erm\u00e4\u00dfigt 25 \u20ac)<\/li><li>Drei-Einheiten-Mitgliedschaft: 45 \u20ac pro Monat (erm\u00e4\u00dfigt 35 \u20ac)<\/li><li>Vier-Einheiten-Mitgliedschaft: 55 \u20ac pro Monat (erm\u00e4\u00dfigt 40 \u20ac)<\/li><li>Sechs-Einheiten-Mitgliedschaft: 60 \u20ac pro Monat (erm\u00e4\u00dfigt 45 \u20ac)<\/li><\/ul><p>In den Mitgliedschaften kann die jeweilige Anzahl von Unterrichtseinheiten (je 60 Minuten, danach ist etwas Zeit f\u00fcr individuelles \u00dcben) pro Woche frei w\u00e4hlbar besucht werden (Fortgeschrittenentrainings allerdings nur f\u00fcr Fortgeschrittene, f\u00fcr Anf\u00e4nger lohnt sich daher am ehesten die Zwei-Einheiten-Mitgliedschaft oder eine Zehnerkarte). Die Einheit freies Training am Samstag ist inklusive, aber es gibt keinen Anspruch darauf. Meistens findet freies Training statt, aber es kann auch ersatzlos ausfallen. Mitgliedschaften laufen mindestens drei Monate und sind mit Dreimonatsfrist k\u00fcndbar. Sie k\u00f6nnen f\u00fcr den jeweils kommenden Monat hoch- und runtergestuft werden. Sie k\u00f6nnen mit den folgenden Angeboten kombiniert werden.<\/p><p><strong>Weitere Angebote:<\/strong><\/p><ul><li>Eine Einheit Gruppenunterricht (90 Minuten bzw. 120 beim freien Training): 15 \u20ac (12 \u20ac)<\/li><li>Zehnerkarte Gruppenunterricht: 120 \u20ac (110 \u20ac)<\/li><li>Einzelunterricht (60 Minuten): 50 \u20ac, Details werden individuell vereinbart; es gibt Rabatt bei mehreren Stunden<\/li><li>Seminare (z. B. f\u00fcr Gruppen) ab 50 \u20ac pro 60 Minuten plus eventuelle Reise- und \u00dcbernachtungskosten; Details und finale Kosten werden individuell vereinbart<\/li><\/ul><p>Preise in Klammern sind erm\u00e4\u00dfigt und gelten nach Nachweis f\u00fcr Sch\u00fcler (ab 16 Jahre, mit <a href=\"https:\/\/dimicator-schola.com\/wp-content\/uploads\/2022\/01\/DS_Einverstaendniserklaerung_Eltern-1.pdf\" target=\"_blank\" rel=\"noopener\">Einverst\u00e4ndniserkl\u00e4rung der Eltern oder des Vormunds<\/a>), Studenten, Azubis (keine Referendare) und FSJler. Weitere Vereinbarungen sind m\u00f6glich.<\/p><p>Alle diese Informationen hier dienen der Orientierung; \u00c4nderungen sind vorbehalten. Bei Vertragsabschluss z\u00e4hlen die jeweiligen Vereinbarungen. Die vollst\u00e4ndigen AGB k\u00f6nnen <a href=\"https:\/\/dimicator-schola.com\/wp-content\/uploads\/2023\/02\/DS_AGB_Nov2022.pdf\" target=\"_blank\" rel=\"noopener\">hier<\/a> und die Trainingsordnung <a href=\"https:\/\/dimicator-schola.com\/wp-content\/uploads\/2020\/09\/DS_Trainingsordnung.pdf\" target=\"_blank\" rel=\"noopener\">hier<\/a> heruntergeladen werden. Bei Interesse und Fragen schickt einfach eine E-Mail an <a class=\"x_moz-txt-link-abbreviated\" href=\"mailto:cornelius@dimicator-schola.com\">cornelius@dimicator-schola.com<\/a><\/p>\t\t\t\t\t\t\t\t<\/div>\n\t\t\t\t<\/div>\n\t\t\t\t\t<\/div>\n\t\t<\/div>\n\t\t\t\t\t<\/div>\n\t\t<\/section>\n\t\t\t\t\t<\/div>\n\t\t<\/div>\n\t\t\t\t\t<\/div>\n\t\t<\/section>\n\t\t\t\t<section class=\"elementor-section elementor-top-section elementor-element elementor-element-4d935ed elementor-section-full_width elementor-section-stretched elementor-section-height-default elementor-section-height-default\" data-id=\"4d935ed\" data-element_type=\"section\" data-e-type=\"section\" data-settings=\"{&quot;stretch_section&quot;:&quot;section-stretched&quot;}\">\n\t\t\t\t\t\t\t<div class=\"elementor-background-overlay\"><\/div>\n\t\t\t\t\t\t\t<div class=\"elementor-container elementor-column-gap-default\">\n\t\t\t\t\t<div class=\"elementor-column elementor-col-100 elementor-top-column elementor-element elementor-element-ed85c6a\" data-id=\"ed85c6a\" data-element_type=\"column\" data-e-type=\"column\">\n\t\t\t<div class=\"elementor-widget-wrap elementor-element-populated\">\n\t\t\t\t\t\t<section class=\"elementor-section elementor-inner-section elementor-element elementor-element-8087df2 elementor-section-boxed elementor-section-height-default elementor-section-height-default\" data-id=\"8087df2\" data-element_type=\"section\" data-e-type=\"section\">\n\t\t\t\t\t\t<div class=\"elementor-container elementor-column-gap-default\">\n\t\t\t\t\t<div class=\"elementor-column elementor-col-100 elementor-inner-column elementor-element elementor-element-b0c86cf\" data-id=\"b0c86cf\" data-element_type=\"column\" data-e-type=\"column\" data-settings=\"{&quot;background_background&quot;:&quot;classic&quot;}\">\n\t\t\t<div class=\"elementor-widget-wrap elementor-element-populated\">\n\t\t\t\t\t\t<div class=\"elementor-element elementor-element-c8b84e3 elementor-widget elementor-widget-heading\" data-id=\"c8b84e3\" data-element_type=\"widget\" data-e-type=\"widget\" data-widget_type=\"heading.default\">\n\t\t\t\t<div class=\"elementor-widget-container\">\n\t\t\t\t\t<h1 class=\"elementor-heading-title elementor-size-default\">Trainingsinhalte und Ansatz<\/h1>\t\t\t\t<\/div>\n\t\t\t\t<\/div>\n\t\t\t\t<div class=\"elementor-element elementor-element-cd9e5a1 elementor-widget elementor-widget-text-editor\" data-id=\"cd9e5a1\" data-element_type=\"widget\" data-e-type=\"widget\" data-widget_type=\"text-editor.default\">\n\t\t\t\t<div class=\"elementor-widget-container\">\n\t\t\t\t\t\t\t\t\t<p>Die Dimicator Schola fokussiert auf zwei Schwerpunkte: Der erste ist das Fechten mit Schwert und Buckler, einem kleinen und oftmals runden Schild, der vor allem im 13. und 14. Jahrhundert beliebt war. Wir vermuten, dass diese Beliebtheit unter anderem daran lag, dass die ger\u00fcsteten Krieger in dieser Zeit mit ihren dreieckigen Schilden \u00e4hnlich gefochten haben. Daher nehmen wir ab und zu auch die gr\u00f6\u00dferen Schilde zur Hand und schauen uns Gemeinsamkeiten und Unterschiede an. Das Bucklerfechten selbst ist aufgrund der zwei parallel genutzten Waffen komplexer als einige andere Disziplinen, aber wer darin etwas Erfahrung hat, kann sie leicht auf andere Waffen \u00fcbertragen. Sogar zum modernen Sportfechten bestehen viele Parallelen.<\/p><p>Der zweite Schwerpunkt ist das Rapierfechten aus der Zeit um 1600. Es ist nicht grunds\u00e4tzlich einfacher oder leichter; die Waffen sind beispielsweise \u00e4hnlich schwer. Wie das Bucklerfechten ist es aber schnell, effektiv und elegant, wenn man alles richtig macht.<\/p><p>Unser Stoff ist historisch, die Trainingsmethoden aber sind modern und auf Sicherheit ausgelegt. Wir streben ein Trainingsklima an, das von Hilfsbereitschaft, Respekt und Toleranz gepr\u00e4gt ist. Wir lernen und \u00fcben gemeinsam; niemand wird abgekanzelt, weil irgendetwas noch nicht richtig klappt. Fehler sind n\u00fctzlich, denn sie helfen uns, aus ihnen zu lernen. Bei Problemen versuchen wir, sie sofort anzusprechen und bei ihrer L\u00f6sung sowohl sachliche als auch menschliche Umst\u00e4nde zu ber\u00fccksichtigen. Wir dulden keinerlei Diskriminierung aufgrund von Herkunft, Aussehen, Glaube oder Geschlecht. Das Training selbst, vor allem f\u00fcr die Fortgeschrittenen, wird aber durchaus intensiv und schwei\u00dftreibend, denn immerhin wollen wir lernen, es auch mit schnellen und unvorhersehbaren Gegnertypen aufzunehmen.<\/p>\t\t\t\t\t\t\t\t<\/div>\n\t\t\t\t<\/div>\n\t\t\t\t\t<\/div>\n\t\t<\/div>\n\t\t\t\t\t<\/div>\n\t\t<\/section>\n\t\t\t\t\t<\/div>\n\t\t<\/div>\n\t\t\t\t\t<\/div>\n\t\t<\/section>\n\t\t\t\t<section class=\"elementor-section elementor-top-section elementor-element elementor-element-1933947 elementor-section-boxed elementor-section-height-default elementor-section-height-default\" data-id=\"1933947\" data-element_type=\"section\" data-e-type=\"section\">\n\t\t\t\t\t\t<div class=\"elementor-container elementor-column-gap-default\">\n\t\t\t\t\t<div class=\"elementor-column elementor-col-100 elementor-top-column elementor-element elementor-element-ea32fdf\" data-id=\"ea32fdf\" data-element_type=\"column\" data-e-type=\"column\">\n\t\t\t<div class=\"elementor-widget-wrap elementor-element-populated\">\n\t\t\t\t\t\t<div class=\"elementor-element elementor-element-4be91db elementor-widget elementor-widget-spacer\" data-id=\"4be91db\" data-element_type=\"widget\" data-e-type=\"widget\" data-widget_type=\"spacer.default\">\n\t\t\t\t<div class=\"elementor-widget-container\">\n\t\t\t\t\t\t\t<div class=\"elementor-spacer\">\n\t\t\t<div class=\"elementor-spacer-inner\"><\/div>\n\t\t<\/div>\n\t\t\t\t\t\t<\/div>\n\t\t\t\t<\/div>\n\t\t\t\t<div class=\"elementor-element elementor-element-963c2f7 elementor-view-default elementor-widget elementor-widget-icon\" data-id=\"963c2f7\" data-element_type=\"widget\" data-e-type=\"widget\" data-widget_type=\"icon.default\">\n\t\t\t\t<div class=\"elementor-widget-container\">\n\t\t\t\t\t\t\t<div class=\"elementor-icon-wrapper\">\n\t\t\t<a class=\"elementor-icon\" href=\"https:\/\/www.facebook.com\/Dimicator-Schola-Historisches-Fechten-in-Hamburg-659283124515811\/\" target=\"_blank\" rel=\"noopener\">\n\t\t\t<i aria-hidden=\"true\" class=\"fab fa-facebook\"><\/i>\t\t\t<\/a>\n\t\t<\/div>\n\t\t\t\t\t\t<\/div>\n\t\t\t\t<\/div>\n\t\t\t\t\t<\/div>\n\t\t<\/div>\n\t\t\t\t\t<\/div>\n\t\t<\/section>\n\t\t\t\t<\/div>\n\t\t","protected":false},"excerpt":{"rendered":"<p>Conventstra\u00dfe 12, 22089 Hamburg Training Wir bieten zweimal pro Woche Einsteigertraining, in dem waffen\u00fcbergreifende Fertigkeiten vermittelt werden. Sobald die Grundlagen sitzen (nach etwa einem halben bis ganzen Jahr), kannst du ins Fortgeschrittenentraining f\u00fcr Schwert &amp; Buckler und\/oder Rapier einsteigen. Wenn du das Training bei uns mal ausprobieren m\u00f6chtest, besuch einen kostenlosen Einsteigerkurs am Samstagnachmittag \u2013 [&hellip;]<\/p>\n","protected":false},"author":1,"featured_media":0,"parent":0,"menu_order":0,"comment_status":"closed","ping_status":"closed","template":"","meta":{"ocean_post_layout":"full-width","ocean_both_sidebars_style":"","ocean_both_sidebars_content_width":0,"ocean_both_sidebars_sidebars_width":0,"ocean_sidebar":"0","ocean_second_sidebar":"0","ocean_disable_margins":"enable","ocean_add_body_class":"","ocean_shortcode_before_top_bar":"","ocean_shortcode_after_top_bar":"","ocean_shortcode_before_header":"","ocean_shortcode_after_header":"","ocean_has_shortcode":"","ocean_shortcode_after_title":"","ocean_shortcode_before_footer_widgets":"","ocean_shortcode_after_footer_widgets":"","ocean_shortcode_before_footer_bottom":"","ocean_shortcode_after_footer_bottom":"","ocean_display_top_bar":"default","ocean_display_header":"default","ocean_header_style":"","ocean_center_header_left_menu":"0","ocean_custom_header_template":"0","ocean_custom_logo":0,"ocean_custom_retina_logo":0,"ocean_custom_logo_max_width":0,"ocean_custom_logo_tablet_max_width":0,"ocean_custom_logo_mobile_max_width":0,"ocean_custom_logo_max_height":0,"ocean_custom_logo_tablet_max_height":0,"ocean_custom_logo_mobile_max_height":0,"ocean_header_custom_menu":"0","ocean_menu_typo_font_family":"0","ocean_menu_typo_font_subset":"","ocean_menu_typo_font_size":0,"ocean_menu_typo_font_size_tablet":0,"ocean_menu_typo_font_size_mobile":0,"ocean_menu_typo_font_size_unit":"px","ocean_menu_typo_font_weight":"700","ocean_menu_typo_font_weight_tablet":"","ocean_menu_typo_font_weight_mobile":"","ocean_menu_typo_transform":"","ocean_menu_typo_transform_tablet":"","ocean_menu_typo_transform_mobile":"","ocean_menu_typo_line_height":0,"ocean_menu_typo_line_height_tablet":0,"ocean_menu_typo_line_height_mobile":0,"ocean_menu_typo_line_height_unit":"","ocean_menu_typo_spacing":0,"ocean_menu_typo_spacing_tablet":0,"ocean_menu_typo_spacing_mobile":0,"ocean_menu_typo_spacing_unit":"","ocean_menu_link_color":"","ocean_menu_link_color_hover":"","ocean_menu_link_color_active":"","ocean_menu_link_background":"","ocean_menu_link_hover_background":"","ocean_menu_link_active_background":"","ocean_menu_social_links_bg":"","ocean_menu_social_hover_links_bg":"","ocean_menu_social_links_color":"","ocean_menu_social_hover_links_color":"","ocean_disable_title":"default","ocean_disable_heading":"default","ocean_post_title":"","ocean_post_subheading":"","ocean_post_title_style":"","ocean_post_title_background_color":"","ocean_post_title_background":0,"ocean_post_title_bg_image_position":"","ocean_post_title_bg_image_attachment":"","ocean_post_title_bg_image_repeat":"","ocean_post_title_bg_image_size":"","ocean_post_title_height":0,"ocean_post_title_bg_overlay":0.5,"ocean_post_title_bg_overlay_color":"","ocean_disable_breadcrumbs":"default","ocean_breadcrumbs_color":"","ocean_breadcrumbs_separator_color":"","ocean_breadcrumbs_links_color":"","ocean_breadcrumbs_links_hover_color":"","ocean_display_footer_widgets":"default","ocean_display_footer_bottom":"default","ocean_custom_footer_template":"0","footnotes":""},"class_list":["post-112","page","type-page","status-publish","hentry","entry"],"_links":{"self":[{"href":"https:\/\/dimicator-schola.com\/de_de\/wp-json\/wp\/v2\/pages\/112","targetHints":{"allow":["GET"]}}],"collection":[{"href":"https:\/\/dimicator-schola.com\/de_de\/wp-json\/wp\/v2\/pages"}],"about":[{"href":"https:\/\/dimicator-schola.com\/de_de\/wp-json\/wp\/v2\/types\/page"}],"author":[{"embeddable":true,"href":"https:\/\/dimicator-schola.com\/de_de\/wp-json\/wp\/v2\/users\/1"}],"replies":[{"embeddable":true,"href":"https:\/\/dimicator-schola.com\/de_de\/wp-json\/wp\/v2\/comments?post=112"}],"version-history":[{"count":10,"href":"https:\/\/dimicator-schola.com\/de_de\/wp-json\/wp\/v2\/pages\/112\/revisions"}],"predecessor-version":[{"id":2477,"href":"https:\/\/dimicator-schola.com\/de_de\/wp-json\/wp\/v2\/pages\/112\/revisions\/2477"}],"wp:attachment":[{"href":"https:\/\/dimicator-schola.com\/de_de\/wp-json\/wp\/v2\/media?parent=112"}],"curies":[{"name":"wp","href":"https:\/\/api.w.org\/{rel}","templated":true}]}}