{"id":111,"date":"2019-09-19T11:28:11","date_gmt":"2019-09-19T11:28:11","guid":{"rendered":"https:\/\/wpjelly.com\/lobster\/?page_id=111"},"modified":"2024-06-02T20:28:24","modified_gmt":"2024-06-02T18:28:24","slug":"historisches-fechten","status":"publish","type":"page","link":"https:\/\/dimicator-schola.com\/de_de\/historisches-fechten\/","title":{"rendered":"Historisches Fechten"},"content":{"rendered":"\t\t<div data-elementor-type=\"wp-page\" data-elementor-id=\"111\" class=\"elementor elementor-111\">\n\t\t\t\t\t\t<section class=\"elementor-section elementor-top-section elementor-element elementor-element-9522985 elementor-section-full_width elementor-section-height-default elementor-section-height-default\" data-id=\"9522985\" data-element_type=\"section\" data-e-type=\"section\">\n\t\t\t\t\t\t<div class=\"elementor-container elementor-column-gap-default\">\n\t\t\t\t\t<div class=\"elementor-column elementor-col-100 elementor-top-column elementor-element elementor-element-80518a8\" data-id=\"80518a8\" data-element_type=\"column\" data-e-type=\"column\">\n\t\t\t<div class=\"elementor-widget-wrap elementor-element-populated\">\n\t\t\t\t\t\t<div class=\"elementor-element elementor-element-befaeb9 elementor-widget elementor-widget-spacer\" data-id=\"befaeb9\" data-element_type=\"widget\" data-e-type=\"widget\" data-widget_type=\"spacer.default\">\n\t\t\t\t<div class=\"elementor-widget-container\">\n\t\t\t\t\t\t\t<div class=\"elementor-spacer\">\n\t\t\t<div class=\"elementor-spacer-inner\"><\/div>\n\t\t<\/div>\n\t\t\t\t\t\t<\/div>\n\t\t\t\t<\/div>\n\t\t\t\t\t<\/div>\n\t\t<\/div>\n\t\t\t\t\t<\/div>\n\t\t<\/section>\n\t\t\t\t<section class=\"elementor-section elementor-top-section elementor-element elementor-element-1e82e74f elementor-section-full_width elementor-section-height-default elementor-section-height-default elementor-invisible\" data-id=\"1e82e74f\" data-element_type=\"section\" data-e-type=\"section\" data-settings=\"{&quot;background_background&quot;:&quot;classic&quot;,&quot;animation&quot;:&quot;slideInLeft&quot;}\">\n\t\t\t\t\t\t\t<div class=\"elementor-background-overlay\"><\/div>\n\t\t\t\t\t\t\t<div class=\"elementor-container elementor-column-gap-default\">\n\t\t\t\t\t<div class=\"elementor-column elementor-col-50 elementor-top-column elementor-element elementor-element-593cfbe1\" data-id=\"593cfbe1\" data-element_type=\"column\" data-e-type=\"column\" data-settings=\"{&quot;background_background&quot;:&quot;classic&quot;}\">\n\t\t\t<div class=\"elementor-widget-wrap elementor-element-populated\">\n\t\t\t\t\t\t<div class=\"elementor-element elementor-element-2d1b996b elementor-widget elementor-widget-heading\" data-id=\"2d1b996b\" data-element_type=\"widget\" data-e-type=\"widget\" data-widget_type=\"heading.default\">\n\t\t\t\t<div class=\"elementor-widget-container\">\n\t\t\t\t\t<h1 class=\"elementor-heading-title elementor-size-default\">Historisches Fechten \u2013 Einfach nur Schwertkampf?<\/h1>\t\t\t\t<\/div>\n\t\t\t\t<\/div>\n\t\t\t\t<div class=\"elementor-element elementor-element-6edee8a1 elementor-widget elementor-widget-text-editor\" data-id=\"6edee8a1\" data-element_type=\"widget\" data-e-type=\"widget\" data-widget_type=\"text-editor.default\">\n\t\t\t\t<div class=\"elementor-widget-container\">\n\t\t\t\t\t\t\t\t\t<div class=\"x_moz-cite-prefix\">Die Dimicator Schola ist eine Schule f\u00fcr Historisches Fechten, die sich vor allem auf das \u00e4lteste erhaltene Fechtbuch st\u00fctzt. Es wird heute in den Royal Armouries in Leeds aufbewahrt wird, ist aber urspr\u00fcnglich um 1330 im Raum des heutigen Th\u00fcringen und Nordbayern entstanden. Aus dieser Zeit stammen die Miniaturen des Manuskripts, wenig sp\u00e4ter wurden die erkl\u00e4renden Texte in Latein mit deutschen Fachbegriffen hinzugef\u00fcgt. Das Manuskript nennen wir, da es keinen bekannten Titel hat, haupts\u00e4chlich bei seiner fr\u00fcheren Bibliothekssignatur MS [f\u00fcr Manuskript] I.33, also \u201eeins-dreiunddrei\u00dfig\u201c. Doch was kann so ein Buch \u00fcber das Fechten im Mittelalter sagen, und ist \u201efechten\u201c ohnehin nicht nur das, was man heute bei den Olympischen Spielen macht? Tats\u00e4chlich bedeutet das Wort in den deutschen Quellen des Sp\u00e4tmittelalters ganz klar \u201ek\u00e4mpfen\u201c (vgl. das englische \u201eto fight\u201c).<\/div>\t\t\t\t\t\t\t\t<\/div>\n\t\t\t\t<\/div>\n\t\t\t\t\t<\/div>\n\t\t<\/div>\n\t\t\t\t<div class=\"elementor-column elementor-col-50 elementor-top-column elementor-element elementor-element-170cd222\" data-id=\"170cd222\" data-element_type=\"column\" data-e-type=\"column\">\n\t\t\t<div class=\"elementor-widget-wrap elementor-element-populated\">\n\t\t\t\t\t\t<div class=\"elementor-element elementor-element-f9a1223 elementor-widget elementor-widget-image\" data-id=\"f9a1223\" data-element_type=\"widget\" data-e-type=\"widget\" data-widget_type=\"image.default\">\n\t\t\t\t<div class=\"elementor-widget-container\">\n\t\t\t\t\t\t\t\t\t\t\t\t<figure class=\"wp-caption\">\n\t\t\t\t\t\t\t\t\t\t\t<a href=\"https:\/\/dimicator-schola.com\/wp-content\/uploads\/2020\/03\/IMG_20190703_105825.jpg\" data-elementor-open-lightbox=\"yes\" data-elementor-lightbox-title=\"I.33 Untersuchung\" data-elementor-lightbox-description=\"Das Manuskript Royal Armouries Fecht1 (fr\u00fcher MS I.33) bei einer Untersuchung der verwendeten Tintensorten und Farben, um Informationen \u00fcber den Entstehungsprozess zu gewinnen.\" data-e-action-hash=\"#elementor-action%3Aaction%3Dlightbox%26settings%3DeyJpZCI6ODIxLCJ1cmwiOiJodHRwczpcL1wvZGltaWNhdG9yLXNjaG9sYS5jb21cL3dwLWNvbnRlbnRcL3VwbG9hZHNcLzIwMjBcLzAzXC9JTUdfMjAxOTA3MDNfMTA1ODI1LmpwZyJ9\">\n\t\t\t\t\t\t\t<img fetchpriority=\"high\" decoding=\"async\" width=\"1024\" height=\"768\" src=\"https:\/\/dimicator-schola.com\/wp-content\/uploads\/2020\/03\/IMG_20190703_105825-1024x768.jpg\" class=\"elementor-animation-float attachment-large size-large wp-image-821\" alt=\"\" srcset=\"https:\/\/dimicator-schola.com\/wp-content\/uploads\/2020\/03\/IMG_20190703_105825-1024x768.jpg 1024w, https:\/\/dimicator-schola.com\/wp-content\/uploads\/2020\/03\/IMG_20190703_105825-300x225.jpg 300w, https:\/\/dimicator-schola.com\/wp-content\/uploads\/2020\/03\/IMG_20190703_105825-768x576.jpg 768w, https:\/\/dimicator-schola.com\/wp-content\/uploads\/2020\/03\/IMG_20190703_105825-1536x1152.jpg 1536w, https:\/\/dimicator-schola.com\/wp-content\/uploads\/2020\/03\/IMG_20190703_105825-600x450.jpg 600w, https:\/\/dimicator-schola.com\/wp-content\/uploads\/2020\/03\/IMG_20190703_105825.jpg 1920w\" sizes=\"(max-width: 1024px) 100vw, 1024px\" \/>\t\t\t\t\t\t\t\t<\/a>\n\t\t\t\t\t\t\t\t\t\t\t<figcaption class=\"widget-image-caption wp-caption-text\">Das Manuskript Royal Armouries Fecht1 (fr\u00fcher MS I.33) bei einer Untersuchung der verwendeten Tintensorten und Farben, um Informationen \u00fcber den Entstehungsprozess zu gewinnen.<\/figcaption>\n\t\t\t\t\t\t\t\t\t\t<\/figure>\n\t\t\t\t\t\t\t\t\t<\/div>\n\t\t\t\t<\/div>\n\t\t\t\t\t<\/div>\n\t\t<\/div>\n\t\t\t\t\t<\/div>\n\t\t<\/section>\n\t\t\t\t<section class=\"elementor-section elementor-top-section elementor-element elementor-element-ee76fcc elementor-section-boxed elementor-section-height-default elementor-section-height-default elementor-invisible\" data-id=\"ee76fcc\" data-element_type=\"section\" data-e-type=\"section\" data-settings=\"{&quot;animation&quot;:&quot;slideInRight&quot;}\">\n\t\t\t\t\t\t<div class=\"elementor-container elementor-column-gap-default\">\n\t\t\t\t\t<div class=\"elementor-column elementor-col-100 elementor-top-column elementor-element elementor-element-5b1bddd\" data-id=\"5b1bddd\" data-element_type=\"column\" data-e-type=\"column\">\n\t\t\t<div class=\"elementor-widget-wrap elementor-element-populated\">\n\t\t\t\t\t\t<section class=\"elementor-section elementor-top-section elementor-element elementor-element-2cd95b3 elementor-section-boxed elementor-section-height-default elementor-section-height-default\" data-id=\"2cd95b3\" data-element_type=\"section\" data-e-type=\"section\">\n\t\t\t\t\t\t<div class=\"elementor-container elementor-column-gap-default\">\n\t\t\t\t\t<div class=\"elementor-column elementor-col-50 elementor-top-column elementor-element elementor-element-cbaff78\" data-id=\"cbaff78\" data-element_type=\"column\" data-e-type=\"column\">\n\t\t\t<div class=\"elementor-widget-wrap elementor-element-populated\">\n\t\t\t\t\t\t<div class=\"elementor-element elementor-element-46f0e04 elementor-widget elementor-widget-image\" data-id=\"46f0e04\" data-element_type=\"widget\" data-e-type=\"widget\" data-widget_type=\"image.default\">\n\t\t\t\t<div class=\"elementor-widget-container\">\n\t\t\t\t\t\t\t\t\t\t\t\t<figure class=\"wp-caption\">\n\t\t\t\t\t\t\t\t\t\t\t<a href=\"https:\/\/www.e-codices.ch\/en\/list\/one\/bcul\/U0964\" target=\"_blank\" rel=\"noopener\">\n\t\t\t\t\t\t\t<img decoding=\"async\" width=\"1024\" height=\"768\" src=\"https:\/\/dimicator-schola.com\/wp-content\/uploads\/2020\/03\/Lausanne_Biblioth\u00e8que_cantonale_et_universitaireU_964_350v-1024x768.jpg\" class=\"elementor-animation-float attachment-large size-large wp-image-822\" alt=\"Bucklerfechter\" srcset=\"https:\/\/dimicator-schola.com\/wp-content\/uploads\/2020\/03\/Lausanne_Biblioth\u00e8que_cantonale_et_universitaireU_964_350v-1024x768.jpg 1024w, https:\/\/dimicator-schola.com\/wp-content\/uploads\/2020\/03\/Lausanne_Biblioth\u00e8que_cantonale_et_universitaireU_964_350v-300x225.jpg 300w, https:\/\/dimicator-schola.com\/wp-content\/uploads\/2020\/03\/Lausanne_Biblioth\u00e8que_cantonale_et_universitaireU_964_350v-768x576.jpg 768w, https:\/\/dimicator-schola.com\/wp-content\/uploads\/2020\/03\/Lausanne_Biblioth\u00e8que_cantonale_et_universitaireU_964_350v-1536x1153.jpg 1536w, https:\/\/dimicator-schola.com\/wp-content\/uploads\/2020\/03\/Lausanne_Biblioth\u00e8que_cantonale_et_universitaireU_964_350v-600x450.jpg 600w, https:\/\/dimicator-schola.com\/wp-content\/uploads\/2020\/03\/Lausanne_Biblioth\u00e8que_cantonale_et_universitaireU_964_350v-e1587041200848.jpg 1466w\" sizes=\"(max-width: 1024px) 100vw, 1024px\" \/>\t\t\t\t\t\t\t\t<\/a>\n\t\t\t\t\t\t\t\t\t\t\t<figcaption class=\"widget-image-caption wp-caption-text\">Bucklerfechter am unteren Seitenrand einer franko-fl\u00e4mischen Bibelhandschrift aus dem sp\u00e4ten 13. Jahrhundert (Lausanne, Biblioth\u00e8que cantonale et universitaire - Lausanne, U 964, f. 350v \u2013 Biblia Porta)<\/figcaption>\n\t\t\t\t\t\t\t\t\t\t<\/figure>\n\t\t\t\t\t\t\t\t\t<\/div>\n\t\t\t\t<\/div>\n\t\t\t\t\t<\/div>\n\t\t<\/div>\n\t\t\t\t<div class=\"elementor-column elementor-col-50 elementor-top-column elementor-element elementor-element-8bdd45a\" data-id=\"8bdd45a\" data-element_type=\"column\" data-e-type=\"column\" data-settings=\"{&quot;background_background&quot;:&quot;classic&quot;}\">\n\t\t\t<div class=\"elementor-widget-wrap elementor-element-populated\">\n\t\t\t\t\t\t<div class=\"elementor-element elementor-element-9db3f56 elementor-widget elementor-widget-text-editor\" data-id=\"9db3f56\" data-element_type=\"widget\" data-e-type=\"widget\" data-widget_type=\"text-editor.default\">\n\t\t\t\t<div class=\"elementor-widget-container\">\n\t\t\t\t\t\t\t\t\t<div class=\"x_moz-cite-prefix\">Historisches Fechten ist aber kein einfaches Synonym f\u00fcr Schwertkampf. Nicht nur, dass auch Disziplinen wie mittelalterliches Ringen oder Dolchkampf, Rapierfechten in Renaissance und Barock (wie es Alexandre Dumas\u2018 Drei Musketiere beherrscht haben k\u00f6nnten) oder S\u00e4belfechten wie zur Zeit Napoleons darunterfallen \u2013 das Hauptkriterium ist die Vorgehensweise: Historische Fechter m\u00fcssen auf geradezu wissenschaftliche Weise Texte und Abbildungen der Fechtb\u00fccher und \u00e4hnlicher Quellen interpretieren. Wie sind bestimmte Fachbegriffe zu verstehen? Nutzen die Abbildungen ungew\u00f6hnliche Darstellungsweisen? Welche Form von Fechten \u2013 z. B. sportlich oder todernst \u2013 ist in einem konkreten Buch \u00fcberhaupt dargestellt?\u00a0<\/div><div class=\"x_moz-cite-prefix\">\u00a0<\/div>\t\t\t\t\t\t\t\t<\/div>\n\t\t\t\t<\/div>\n\t\t\t\t\t<\/div>\n\t\t<\/div>\n\t\t\t\t\t<\/div>\n\t\t<\/section>\n\t\t\t\t\t<\/div>\n\t\t<\/div>\n\t\t\t\t\t<\/div>\n\t\t<\/section>\n\t\t\t\t<section class=\"elementor-section elementor-top-section elementor-element elementor-element-fa8eb01 elementor-section-boxed elementor-section-height-default elementor-section-height-default elementor-invisible\" data-id=\"fa8eb01\" data-element_type=\"section\" data-e-type=\"section\" data-settings=\"{&quot;background_background&quot;:&quot;classic&quot;,&quot;animation&quot;:&quot;slideInLeft&quot;}\">\n\t\t\t\t\t\t\t<div class=\"elementor-background-overlay\"><\/div>\n\t\t\t\t\t\t\t<div class=\"elementor-container elementor-column-gap-default\">\n\t\t\t\t\t<div class=\"elementor-column elementor-col-50 elementor-top-column elementor-element elementor-element-bcd2b97\" data-id=\"bcd2b97\" data-element_type=\"column\" data-e-type=\"column\" data-settings=\"{&quot;background_background&quot;:&quot;classic&quot;}\">\n\t\t\t<div class=\"elementor-widget-wrap elementor-element-populated\">\n\t\t\t\t\t\t<div class=\"elementor-element elementor-element-ba35bde elementor-widget elementor-widget-text-editor\" data-id=\"ba35bde\" data-element_type=\"widget\" data-e-type=\"widget\" data-widget_type=\"text-editor.default\">\n\t\t\t\t<div class=\"elementor-widget-container\">\n\t\t\t\t\t\t\t\t\t<div class=\"x_moz-cite-prefix\">Um noch mehr Informationen zu gewinnen, untersuchen wir auch historische Waffen sowie andere materielle Kultur (z. B. Kleidung und Schuhe), um davon R\u00fcckschl\u00fcsse \u00fcber ihre Verwendung zu ziehen. Weiterhin m\u00fcssen wir uns damit befassen, wie sich der menschliche K\u00f6rper m\u00f6glichst effektiv und gesund nutzen l\u00e4sst, um z. B. viel Wirkung aus m\u00f6glichst wenig Muskelanstrengung herauszuholen. Schlie\u00dflich schauen wir auch auf andere Kampfk\u00fcnste und -sportarten, denn viele ihrer Prinzipien sind \u00e4hnlich oder identisch. Ein solches Prinzip w\u00e4re beispielsweise, dass der Kampf so schnell wie m\u00f6glich kontrolliert werden muss und dem Gegner kaum Optionen zur Gegenwehr bleiben d\u00fcrfen.<br>Die Auswertung all dieser Informationen bildet die Grundlage unseres Verst\u00e4ndnisses historischer Kampfk\u00fcnste. Das Fechten, das wir in der Dimicator Schola <a href=\"\/training\/\">trainieren<\/a>, kann also best\u00e4ndig verfeinert und verbessert werden, sobald wir uns neue Erkenntnisse erarbeitet haben.<\/div>\t\t\t\t\t\t\t\t<\/div>\n\t\t\t\t<\/div>\n\t\t\t\t\t<\/div>\n\t\t<\/div>\n\t\t\t\t<div class=\"elementor-column elementor-col-50 elementor-top-column elementor-element elementor-element-87a2ed4\" data-id=\"87a2ed4\" data-element_type=\"column\" data-e-type=\"column\">\n\t\t\t<div class=\"elementor-widget-wrap elementor-element-populated\">\n\t\t\t\t\t\t<div class=\"elementor-element elementor-element-e812fbb elementor-widget elementor-widget-image\" data-id=\"e812fbb\" data-element_type=\"widget\" data-e-type=\"widget\" data-widget_type=\"image.default\">\n\t\t\t\t<div class=\"elementor-widget-container\">\n\t\t\t\t\t\t\t\t\t\t\t\t<figure class=\"wp-caption\">\n\t\t\t\t\t\t\t\t\t\t\t<a href=\"https:\/\/dimicator-schola.com\/wp-content\/uploads\/2020\/03\/Cornelius_Rapier_HD.jpg\" data-elementor-open-lightbox=\"yes\" data-elementor-lightbox-title=\"Cornelius_Rapier_HD\" data-elementor-lightbox-description=\"Untersuchung der Balance und Handlichkeit eines Rapiers aus dem Magazin des L\u00fcbecker St.-Annen-Museums. Foto: R. Warzecha.\" data-e-action-hash=\"#elementor-action%3Aaction%3Dlightbox%26settings%3DeyJpZCI6ODIwLCJ1cmwiOiJodHRwczpcL1wvZGltaWNhdG9yLXNjaG9sYS5jb21cL3dwLWNvbnRlbnRcL3VwbG9hZHNcLzIwMjBcLzAzXC9Db3JuZWxpdXNfUmFwaWVyX0hELmpwZyJ9\">\n\t\t\t\t\t\t\t<img decoding=\"async\" width=\"1024\" height=\"683\" src=\"https:\/\/dimicator-schola.com\/wp-content\/uploads\/2020\/03\/Cornelius_Rapier_HD-1024x683.jpg\" class=\"elementor-animation-float attachment-large size-large wp-image-820\" alt=\"\" srcset=\"https:\/\/dimicator-schola.com\/wp-content\/uploads\/2020\/03\/Cornelius_Rapier_HD-1024x683.jpg 1024w, https:\/\/dimicator-schola.com\/wp-content\/uploads\/2020\/03\/Cornelius_Rapier_HD-300x200.jpg 300w, https:\/\/dimicator-schola.com\/wp-content\/uploads\/2020\/03\/Cornelius_Rapier_HD-768x512.jpg 768w, https:\/\/dimicator-schola.com\/wp-content\/uploads\/2020\/03\/Cornelius_Rapier_HD-1536x1024.jpg 1536w, https:\/\/dimicator-schola.com\/wp-content\/uploads\/2020\/03\/Cornelius_Rapier_HD-600x400.jpg 600w, https:\/\/dimicator-schola.com\/wp-content\/uploads\/2020\/03\/Cornelius_Rapier_HD.jpg 1920w\" sizes=\"(max-width: 1024px) 100vw, 1024px\" \/>\t\t\t\t\t\t\t\t<\/a>\n\t\t\t\t\t\t\t\t\t\t\t<figcaption class=\"widget-image-caption wp-caption-text\">Untersuchung der Balance und Handlichkeit eines Rapiers aus dem Magazin des L\u00fcbecker St.-Annen-Museums. Foto: R. Warzecha.<\/figcaption>\n\t\t\t\t\t\t\t\t\t\t<\/figure>\n\t\t\t\t\t\t\t\t\t<\/div>\n\t\t\t\t<\/div>\n\t\t\t\t\t<\/div>\n\t\t<\/div>\n\t\t\t\t\t<\/div>\n\t\t<\/section>\n\t\t\t\t<section class=\"elementor-section elementor-top-section elementor-element elementor-element-f769b69 elementor-section-boxed elementor-section-height-default elementor-section-height-default\" data-id=\"f769b69\" data-element_type=\"section\" data-e-type=\"section\">\n\t\t\t\t\t\t<div class=\"elementor-container elementor-column-gap-default\">\n\t\t\t\t\t<div class=\"elementor-column elementor-col-100 elementor-top-column elementor-element elementor-element-630da71\" data-id=\"630da71\" data-element_type=\"column\" data-e-type=\"column\">\n\t\t\t<div class=\"elementor-widget-wrap elementor-element-populated\">\n\t\t\t\t\t\t<div class=\"elementor-element elementor-element-d788fc8 elementor-widget elementor-widget-spacer\" data-id=\"d788fc8\" data-element_type=\"widget\" data-e-type=\"widget\" data-widget_type=\"spacer.default\">\n\t\t\t\t<div class=\"elementor-widget-container\">\n\t\t\t\t\t\t\t<div class=\"elementor-spacer\">\n\t\t\t<div class=\"elementor-spacer-inner\"><\/div>\n\t\t<\/div>\n\t\t\t\t\t\t<\/div>\n\t\t\t\t<\/div>\n\t\t\t\t<div class=\"elementor-element elementor-element-d6e4ec3 elementor-view-default elementor-widget elementor-widget-icon\" data-id=\"d6e4ec3\" data-element_type=\"widget\" data-e-type=\"widget\" data-widget_type=\"icon.default\">\n\t\t\t\t<div class=\"elementor-widget-container\">\n\t\t\t\t\t\t\t<div class=\"elementor-icon-wrapper\">\n\t\t\t<a class=\"elementor-icon\" href=\"https:\/\/www.facebook.com\/Dimicator-Schola-Historisches-Fechten-in-Hamburg-659283124515811\/\" target=\"_blank\" rel=\"noopener\">\n\t\t\t<i aria-hidden=\"true\" class=\"fab fa-facebook\"><\/i>\t\t\t<\/a>\n\t\t<\/div>\n\t\t\t\t\t\t<\/div>\n\t\t\t\t<\/div>\n\t\t\t\t\t<\/div>\n\t\t<\/div>\n\t\t\t\t\t<\/div>\n\t\t<\/section>\n\t\t\t\t<\/div>\n\t\t","protected":false},"excerpt":{"rendered":"<p>Historisches Fechten \u2013 Einfach nur Schwertkampf? Die Dimicator Schola ist eine Schule f\u00fcr Historisches Fechten, die sich vor allem auf das \u00e4lteste erhaltene Fechtbuch st\u00fctzt. Es wird heute in den Royal Armouries in Leeds aufbewahrt wird, ist aber urspr\u00fcnglich um 1330 im Raum des heutigen Th\u00fcringen und Nordbayern entstanden. Aus dieser Zeit stammen die Miniaturen [&hellip;]<\/p>\n","protected":false},"author":1,"featured_media":0,"parent":0,"menu_order":0,"comment_status":"closed","ping_status":"closed","template":"","meta":{"ocean_post_layout":"full-width","ocean_both_sidebars_style":"","ocean_both_sidebars_content_width":0,"ocean_both_sidebars_sidebars_width":0,"ocean_sidebar":"0","ocean_second_sidebar":"0","ocean_disable_margins":"enable","ocean_add_body_class":"","ocean_shortcode_before_top_bar":"","ocean_shortcode_after_top_bar":"","ocean_shortcode_before_header":"","ocean_shortcode_after_header":"","ocean_has_shortcode":"","ocean_shortcode_after_title":"","ocean_shortcode_before_footer_widgets":"","ocean_shortcode_after_footer_widgets":"","ocean_shortcode_before_footer_bottom":"","ocean_shortcode_after_footer_bottom":"","ocean_display_top_bar":"default","ocean_display_header":"default","ocean_header_style":"","ocean_center_header_left_menu":"0","ocean_custom_header_template":"0","ocean_custom_logo":0,"ocean_custom_retina_logo":0,"ocean_custom_logo_max_width":0,"ocean_custom_logo_tablet_max_width":0,"ocean_custom_logo_mobile_max_width":0,"ocean_custom_logo_max_height":0,"ocean_custom_logo_tablet_max_height":0,"ocean_custom_logo_mobile_max_height":0,"ocean_header_custom_menu":"0","ocean_menu_typo_font_family":"0","ocean_menu_typo_font_subset":"","ocean_menu_typo_font_size":0,"ocean_menu_typo_font_size_tablet":0,"ocean_menu_typo_font_size_mobile":0,"ocean_menu_typo_font_size_unit":"px","ocean_menu_typo_font_weight":"700","ocean_menu_typo_font_weight_tablet":"","ocean_menu_typo_font_weight_mobile":"","ocean_menu_typo_transform":"","ocean_menu_typo_transform_tablet":"","ocean_menu_typo_transform_mobile":"","ocean_menu_typo_line_height":0,"ocean_menu_typo_line_height_tablet":0,"ocean_menu_typo_line_height_mobile":0,"ocean_menu_typo_line_height_unit":"","ocean_menu_typo_spacing":0,"ocean_menu_typo_spacing_tablet":0,"ocean_menu_typo_spacing_mobile":0,"ocean_menu_typo_spacing_unit":"","ocean_menu_link_color":"","ocean_menu_link_color_hover":"","ocean_menu_link_color_active":"","ocean_menu_link_background":"","ocean_menu_link_hover_background":"","ocean_menu_link_active_background":"","ocean_menu_social_links_bg":"","ocean_menu_social_hover_links_bg":"","ocean_menu_social_links_color":"","ocean_menu_social_hover_links_color":"","ocean_disable_title":"default","ocean_disable_heading":"default","ocean_post_title":"","ocean_post_subheading":"","ocean_post_title_style":"","ocean_post_title_background_color":"","ocean_post_title_background":0,"ocean_post_title_bg_image_position":"","ocean_post_title_bg_image_attachment":"","ocean_post_title_bg_image_repeat":"","ocean_post_title_bg_image_size":"","ocean_post_title_height":0,"ocean_post_title_bg_overlay":0.5,"ocean_post_title_bg_overlay_color":"","ocean_disable_breadcrumbs":"default","ocean_breadcrumbs_color":"","ocean_breadcrumbs_separator_color":"","ocean_breadcrumbs_links_color":"","ocean_breadcrumbs_links_hover_color":"","ocean_display_footer_widgets":"default","ocean_display_footer_bottom":"default","ocean_custom_footer_template":"0","footnotes":""},"class_list":["post-111","page","type-page","status-publish","hentry","entry"],"_links":{"self":[{"href":"https:\/\/dimicator-schola.com\/de_de\/wp-json\/wp\/v2\/pages\/111","targetHints":{"allow":["GET"]}}],"collection":[{"href":"https:\/\/dimicator-schola.com\/de_de\/wp-json\/wp\/v2\/pages"}],"about":[{"href":"https:\/\/dimicator-schola.com\/de_de\/wp-json\/wp\/v2\/types\/page"}],"author":[{"embeddable":true,"href":"https:\/\/dimicator-schola.com\/de_de\/wp-json\/wp\/v2\/users\/1"}],"replies":[{"embeddable":true,"href":"https:\/\/dimicator-schola.com\/de_de\/wp-json\/wp\/v2\/comments?post=111"}],"version-history":[{"count":10,"href":"https:\/\/dimicator-schola.com\/de_de\/wp-json\/wp\/v2\/pages\/111\/revisions"}],"predecessor-version":[{"id":2082,"href":"https:\/\/dimicator-schola.com\/de_de\/wp-json\/wp\/v2\/pages\/111\/revisions\/2082"}],"wp:attachment":[{"href":"https:\/\/dimicator-schola.com\/de_de\/wp-json\/wp\/v2\/media?parent=111"}],"curies":[{"name":"wp","href":"https:\/\/api.w.org\/{rel}","templated":true}]}}